{"id":554,"date":"2026-02-04T18:55:14","date_gmt":"2026-02-04T18:55:14","guid":{"rendered":"https:\/\/raatz.agenciaagro.com\/wp\/?page_id=554"},"modified":"2026-03-25T15:43:25","modified_gmt":"2026-03-25T15:43:25","slug":"aceites","status":"publish","type":"page","link":"https:\/\/raatz.agenciaagro.com\/wp\/aceites\/","title":{"rendered":"Aceites"},"content":{"rendered":"\t\t<div data-elementor-type=\"wp-page\" data-elementor-id=\"554\" class=\"elementor elementor-554\">\n\t\t\t\t<div class=\"elementor-element elementor-element-403fb3cd e-con-full e-flex e-con e-parent\" data-id=\"403fb3cd\" data-element_type=\"container\" data-e-type=\"container\" data-settings=\"{&quot;background_background&quot;:&quot;classic&quot;}\">\n\t\t<div class=\"elementor-element elementor-element-4a0279f5 e-flex e-con-boxed elementor-invisible e-con e-child\" data-id=\"4a0279f5\" data-element_type=\"container\" data-e-type=\"container\" data-settings=\"{&quot;animation&quot;:&quot;fadeIn&quot;,&quot;animation_delay&quot;:200}\">\n\t\t\t\t\t<div class=\"e-con-inner\">\n\t\t\t\t<div class=\"elementor-element elementor-element-d66d796 elementor-widget__width-initial elementor-invisible elementor-widget elementor-widget-heading\" data-id=\"d66d796\" data-element_type=\"widget\" data-e-type=\"widget\" data-settings=\"{&quot;_animation&quot;:&quot;fadeIn&quot;,&quot;_animation_delay&quot;:200}\" data-widget_type=\"heading.default\">\n\t\t\t\t\t<h1 class=\"elementor-heading-title elementor-size-default\">Aceites<\/h1>\t\t\t\t<\/div>\n\t\t\t\t<div class=\"elementor-element elementor-element-5f59105 elementor-widget__width-initial elementor-invisible elementor-widget elementor-widget-text-editor\" data-id=\"5f59105\" data-element_type=\"widget\" data-e-type=\"widget\" data-settings=\"{&quot;_animation&quot;:&quot;fadeIn&quot;,&quot;_animation_delay&quot;:700}\" data-widget_type=\"text-editor.default\">\n\t\t\t\t\t\t\t\t\t<p><span style=\"font-weight: 400;\">Nuestros aceites crudos provienen directamente de semillas y granos: su composici\u00f3n refleja la cosecha y el origen de la semilla, conservando sus caracter\u00edsticas naturales. A trav\u00e9s de procesos industriales controlados extracci\u00f3n y acondicionamiento transformamos esa materia prima en aceites de nobleza y calidad, aptos para uso industrial, refinaci\u00f3n y aplicaciones alimentarias.<\/span><\/p>\t\t\t\t\t\t\t\t<\/div>\n\t\t\t\t\t<\/div>\n\t\t\t\t<\/div>\n\t\t\t\t<\/div>\n\t\t<div class=\"elementor-element elementor-element-f56b506 e-flex e-con-boxed e-con e-parent\" data-id=\"f56b506\" data-element_type=\"container\" data-e-type=\"container\" data-settings=\"{&quot;background_background&quot;:&quot;classic&quot;}\">\n\t\t\t\t\t<div class=\"e-con-inner\">\n\t\t<div class=\"elementor-element elementor-element-6c76c57 e-con-full e-flex e-con e-child\" data-id=\"6c76c57\" data-element_type=\"container\" data-e-type=\"container\">\n\t\t\t\t<div class=\"elementor-element elementor-element-37fdca4 elementor-invisible elementor-widget elementor-widget-text-editor\" data-id=\"37fdca4\" data-element_type=\"widget\" data-e-type=\"widget\" data-settings=\"{&quot;_animation&quot;:&quot;fadeIn&quot;}\" data-widget_type=\"text-editor.default\">\n\t\t\t\t\t\t\t\t\t<p><span style=\"font-weight: 400;\">Qu\u00e9 ofrecemos<\/span><\/p>\t\t\t\t\t\t\t\t<\/div>\n\t\t\t\t<div class=\"elementor-element elementor-element-891157a elementor-invisible elementor-widget elementor-widget-text-editor\" data-id=\"891157a\" data-element_type=\"widget\" data-e-type=\"widget\" data-settings=\"{&quot;_animation&quot;:&quot;fadeIn&quot;,&quot;_animation_delay&quot;:400}\" data-widget_type=\"text-editor.default\">\n\t\t\t\t\t\t\t\t\t<ul><li><strong>Aceite Desgomado de Soja<\/strong><\/li><li><strong>Aceite Crudo de Canola<\/strong><\/li><li><strong>Aceite Crudo de Girasol<\/strong><\/li><li><strong>Aceite de Tung.<\/strong><\/li><\/ul>\t\t\t\t\t\t\t\t<\/div>\n\t\t\t\t<div class=\"elementor-element elementor-element-48bd393 elementor-invisible elementor-widget elementor-widget-text-editor\" data-id=\"48bd393\" data-element_type=\"widget\" data-e-type=\"widget\" data-settings=\"{&quot;_animation&quot;:&quot;fadeIn&quot;,&quot;_animation_delay&quot;:400}\" data-widget_type=\"text-editor.default\">\n\t\t\t\t\t\t\t\t\t<p><span style=\"font-weight: 400;\">Todos con Certificados de An\u00e1lisis (CoA) y documentaci\u00f3n comercial para exportaci\u00f3n y presentaciones log\u00edsticas adaptables <\/span><span style=\"font-weight: 400;\">(ISO\u2011tank, cisterna, contenedores). <\/span><span style=\"font-weight: 400;\">Nuestros controles de calidad y procesos garantizan par\u00e1metros t\u00e9cnicos (acidez, \u00edndice de per\u00f3xidos, humedad, color) <\/span><\/p>\t\t\t\t\t\t\t\t<\/div>\n\t\t\t\t<\/div>\n\t\t<div class=\"elementor-element elementor-element-b075116 e-con-full e-flex e-con e-child\" data-id=\"b075116\" data-element_type=\"container\" data-e-type=\"container\">\n\t\t\t\t<div class=\"elementor-element elementor-element-4de8d0f elementor-invisible elementor-widget elementor-widget-text-editor\" data-id=\"4de8d0f\" data-element_type=\"widget\" data-e-type=\"widget\" data-settings=\"{&quot;_animation&quot;:&quot;fadeIn&quot;}\" data-widget_type=\"text-editor.default\">\n\t\t\t\t\t\t\t\t\t<p><span style=\"font-weight: 400;\">Por qu\u00e9 elegir nuestros aceites<\/span><\/p>\t\t\t\t\t\t\t\t<\/div>\n\t\t\t\t<div class=\"elementor-element elementor-element-5331ecc elementor-invisible elementor-widget elementor-widget-text-editor\" data-id=\"5331ecc\" data-element_type=\"widget\" data-e-type=\"widget\" data-settings=\"{&quot;_animation&quot;:&quot;fadeIn&quot;,&quot;_animation_delay&quot;:400}\" data-widget_type=\"text-editor.default\">\n\t\t\t\t\t\t\t\t\t<ul><li style=\"font-weight: 400;\" aria-level=\"1\"><span style=\"font-weight: 400;\">Trazabilidad completa del proceso productivo<\/span><\/li><li style=\"font-weight: 400;\" aria-level=\"1\"><span style=\"font-weight: 400;\">Procesos estandarizados que aseguran homogeneidad y calidad.<\/span><\/li><li style=\"font-weight: 400;\" aria-level=\"1\"><span style=\"font-weight: 400;\">CoA y documentaci\u00f3n<\/span><span style=\"font-weight: 400;\"> export-ready para fa<\/span><span style=\"font-weight: 400;\">cilitar registros y admisi\u00f3n en mercados exigentes.<\/span><\/li><li style=\"font-weight: 400;\" aria-level=\"1\"><span style=\"font-weight: 400;\">Opciones de suministro y embalaje adaptadas a la cadena log\u00edstica del comprador.<\/span><\/li><\/ul>\t\t\t\t\t\t\t\t<\/div>\n\t\t\t\t<\/div>\n\t\t\t\t\t<\/div>\n\t\t\t\t<\/div>\n\t\t<div class=\"elementor-element elementor-element-390d92d0 e-flex e-con-boxed e-con e-parent\" data-id=\"390d92d0\" data-element_type=\"container\" data-e-type=\"container\" data-settings=\"{&quot;background_background&quot;:&quot;classic&quot;}\">\n\t\t\t\t\t<div class=\"e-con-inner\">\n\t\t\t\t<div class=\"elementor-element elementor-element-4eeb17e8 elementor-invisible elementor-widget elementor-widget-heading\" data-id=\"4eeb17e8\" data-element_type=\"widget\" data-e-type=\"widget\" data-settings=\"{&quot;_animation&quot;:&quot;fadeIn&quot;,&quot;_animation_delay&quot;:200}\" data-widget_type=\"heading.default\">\n\t\t\t\t\t<h2 class=\"elementor-heading-title elementor-size-default\">Productos<\/h2>\t\t\t\t<\/div>\n\t\t<div class=\"elementor-element elementor-element-1a9477de e-con-full e-grid e-con e-child\" data-id=\"1a9477de\" data-element_type=\"container\" data-e-type=\"container\">\n\t\t<div class=\"elementor-element elementor-element-6c9e9487 e-con-full e-flex elementor-invisible e-con e-child\" data-id=\"6c9e9487\" data-element_type=\"container\" data-e-type=\"container\" data-settings=\"{&quot;animation&quot;:&quot;fadeIn&quot;,&quot;animation_delay&quot;:500}\">\n\t\t<div class=\"elementor-element elementor-element-9055812 e-con-full e-flex e-con e-child\" data-id=\"9055812\" data-element_type=\"container\" data-e-type=\"container\" data-settings=\"{&quot;background_background&quot;:&quot;classic&quot;}\">\n\t\t\t\t<\/div>\n\t\t\t\t<div class=\"elementor-element elementor-element-57543368 elementor-widget elementor-widget-image-box\" data-id=\"57543368\" data-element_type=\"widget\" data-e-type=\"widget\" data-widget_type=\"image-box.default\">\n\t\t\t\t\t<div class=\"elementor-image-box-wrapper\"><div class=\"elementor-image-box-content\"><h3 class=\"elementor-image-box-title\"><a href=\"#\">Aceite Desgomado de Soja <\/a><\/h3><p class=\"elementor-image-box-description\">M\u00e9todo de Producci\u00f3n: <br>Extracci\u00f3n de aceite de granos descascarados de soja<\/p><\/div><\/div>\t\t\t\t<\/div>\n\t\t\t\t<div class=\"elementor-element elementor-element-c30f324 elementor-align-center elementor-widget elementor-widget-button\" data-id=\"c30f324\" data-element_type=\"widget\" data-e-type=\"widget\" data-widget_type=\"button.default\">\n\t\t\t\t\t\t\t\t\t\t<a class=\"elementor-button elementor-button-link elementor-size-sm\" href=\"https:\/\/raatz.agenciaagro.com\/wp\/wp-content\/uploads\/2026\/03\/ET-008-Aceite-desgomado-de-soja.pdf\">\n\t\t\t\t\t\t<span class=\"elementor-button-content-wrapper\">\n\t\t\t\t\t\t\t\t\t<span class=\"elementor-button-text\">Descargar ficha t\u00e9cnica<\/span>\n\t\t\t\t\t<\/span>\n\t\t\t\t\t<\/a>\n\t\t\t\t\t\t\t\t<\/div>\n\t\t\t\t<\/div>\n\t\t<div class=\"elementor-element elementor-element-864edf8 e-con-full e-flex elementor-invisible e-con e-child\" data-id=\"864edf8\" data-element_type=\"container\" data-e-type=\"container\" data-settings=\"{&quot;animation&quot;:&quot;fadeIn&quot;,&quot;animation_delay&quot;:500}\">\n\t\t<div class=\"elementor-element elementor-element-04a1492 e-con-full e-flex e-con e-child\" data-id=\"04a1492\" data-element_type=\"container\" data-e-type=\"container\" data-settings=\"{&quot;background_background&quot;:&quot;classic&quot;}\">\n\t\t\t\t<\/div>\n\t\t\t\t<div class=\"elementor-element elementor-element-abbc399 elementor-widget elementor-widget-image-box\" data-id=\"abbc399\" data-element_type=\"widget\" data-e-type=\"widget\" data-widget_type=\"image-box.default\">\n\t\t\t\t\t<div class=\"elementor-image-box-wrapper\"><div class=\"elementor-image-box-content\"><h3 class=\"elementor-image-box-title\"><a href=\"#\">Aceite Crudo de Canola<\/a><\/h3><p class=\"elementor-image-box-description\">M\u00e9todo de Producci\u00f3n: <br>Extracci\u00f3n de aceite de granos de canola.<\/p><\/div><\/div>\t\t\t\t<\/div>\n\t\t\t\t<div class=\"elementor-element elementor-element-3bbdbc6 elementor-align-center elementor-widget elementor-widget-button\" data-id=\"3bbdbc6\" data-element_type=\"widget\" data-e-type=\"widget\" data-widget_type=\"button.default\">\n\t\t\t\t\t\t\t\t\t\t<a class=\"elementor-button elementor-button-link elementor-size-sm\" href=\"https:\/\/raatz.agenciaagro.com\/wp\/wp-content\/uploads\/2026\/03\/ET-011-Aceite-crudo-de-canola.pdf\">\n\t\t\t\t\t\t<span class=\"elementor-button-content-wrapper\">\n\t\t\t\t\t\t\t\t\t<span class=\"elementor-button-text\">Descargar ficha t\u00e9cnica<\/span>\n\t\t\t\t\t<\/span>\n\t\t\t\t\t<\/a>\n\t\t\t\t\t\t\t\t<\/div>\n\t\t\t\t<\/div>\n\t\t<div class=\"elementor-element elementor-element-622c956 e-con-full e-flex elementor-invisible e-con e-child\" data-id=\"622c956\" data-element_type=\"container\" data-e-type=\"container\" data-settings=\"{&quot;animation&quot;:&quot;fadeIn&quot;,&quot;animation_delay&quot;:500}\">\n\t\t<div class=\"elementor-element elementor-element-3a721b3 e-con-full e-flex e-con e-child\" data-id=\"3a721b3\" data-element_type=\"container\" data-e-type=\"container\" data-settings=\"{&quot;background_background&quot;:&quot;classic&quot;}\">\n\t\t\t\t<\/div>\n\t\t\t\t<div class=\"elementor-element elementor-element-3714113 elementor-widget elementor-widget-image-box\" data-id=\"3714113\" data-element_type=\"widget\" data-e-type=\"widget\" data-widget_type=\"image-box.default\">\n\t\t\t\t\t<div class=\"elementor-image-box-wrapper\"><div class=\"elementor-image-box-content\"><h3 class=\"elementor-image-box-title\"><a href=\"#\">Aceite Crudo de Girasol<\/a><\/h3><p class=\"elementor-image-box-description\">M\u00e9todo de Producci\u00f3n: <br>Extracci\u00f3n de aceite de granos de girasol.<\/p><\/div><\/div>\t\t\t\t<\/div>\n\t\t\t\t<div class=\"elementor-element elementor-element-4cb030c elementor-align-center elementor-widget elementor-widget-button\" data-id=\"4cb030c\" data-element_type=\"widget\" data-e-type=\"widget\" data-widget_type=\"button.default\">\n\t\t\t\t\t\t\t\t\t\t<a class=\"elementor-button elementor-button-link elementor-size-sm\" href=\"https:\/\/raatz.agenciaagro.com\/wp\/wp-content\/uploads\/2026\/03\/ET-010-Aceite-crudo-de-girasol.pdf\">\n\t\t\t\t\t\t<span class=\"elementor-button-content-wrapper\">\n\t\t\t\t\t\t\t\t\t<span class=\"elementor-button-text\">Descargar ficha t\u00e9cnica<\/span>\n\t\t\t\t\t<\/span>\n\t\t\t\t\t<\/a>\n\t\t\t\t\t\t\t\t<\/div>\n\t\t\t\t<\/div>\n\t\t<div class=\"elementor-element elementor-element-d55e551 e-con-full e-flex elementor-invisible e-con e-child\" data-id=\"d55e551\" data-element_type=\"container\" data-e-type=\"container\" data-settings=\"{&quot;animation&quot;:&quot;fadeIn&quot;,&quot;animation_delay&quot;:500}\">\n\t\t<div class=\"elementor-element elementor-element-fd36895 e-con-full e-flex e-con e-child\" data-id=\"fd36895\" data-element_type=\"container\" data-e-type=\"container\" data-settings=\"{&quot;background_background&quot;:&quot;slideshow&quot;,&quot;background_slideshow_gallery&quot;:[{&quot;id&quot;:561,&quot;url&quot;:&quot;https:\\\/\\\/raatz.agenciaagro.com\\\/wp\\\/wp-content\\\/uploads\\\/2026\\\/02\\\/tung-scaled.jpg&quot;}],&quot;background_slideshow_loop&quot;:&quot;yes&quot;,&quot;background_slideshow_slide_duration&quot;:5000,&quot;background_slideshow_slide_transition&quot;:&quot;fade&quot;,&quot;background_slideshow_transition_duration&quot;:500}\">\n\t\t\t\t<\/div>\n\t\t\t\t<div class=\"elementor-element elementor-element-21b9322 elementor-widget elementor-widget-image-box\" data-id=\"21b9322\" data-element_type=\"widget\" data-e-type=\"widget\" data-widget_type=\"image-box.default\">\n\t\t\t\t\t<div class=\"elementor-image-box-wrapper\"><div class=\"elementor-image-box-content\"><h3 class=\"elementor-image-box-title\"><a href=\"#\">Aceite de<br> Tung<\/a><\/h3><p class=\"elementor-image-box-description\">M\u00e9todo de Producci\u00f3n: <br>Extracci\u00f3n de aceite de semillas de tung por prensado.<\/p><\/div><\/div>\t\t\t\t<\/div>\n\t\t\t\t<div class=\"elementor-element elementor-element-cada821 elementor-align-center elementor-widget elementor-widget-button\" data-id=\"cada821\" data-element_type=\"widget\" data-e-type=\"widget\" data-widget_type=\"button.default\">\n\t\t\t\t\t\t\t\t\t\t<a class=\"elementor-button elementor-button-link elementor-size-sm\" href=\"#\">\n\t\t\t\t\t\t<span class=\"elementor-button-content-wrapper\">\n\t\t\t\t\t\t\t\t\t<span class=\"elementor-button-text\">Descargar ficha t\u00e9cnica<\/span>\n\t\t\t\t\t<\/span>\n\t\t\t\t\t<\/a>\n\t\t\t\t\t\t\t\t<\/div>\n\t\t\t\t<\/div>\n\t\t\t\t<\/div>\n\t\t\t\t\t<\/div>\n\t\t\t\t<\/div>\n\t\t<div class=\"elementor-element elementor-element-b673b4c e-con-full e-flex e-con e-parent\" data-id=\"b673b4c\" data-element_type=\"container\" data-e-type=\"container\">\n\t\t<div class=\"elementor-element elementor-element-4576761 e-con-full e-flex e-con e-child\" data-id=\"4576761\" data-element_type=\"container\" data-e-type=\"container\">\n\t\t<div class=\"elementor-element elementor-element-c8b625f e-con-full e-flex e-con e-child\" data-id=\"c8b625f\" data-element_type=\"container\" data-e-type=\"container\" data-settings=\"{&quot;background_background&quot;:&quot;classic&quot;}\">\n\t\t<div class=\"elementor-element elementor-element-31d3098 e-con-full e-flex e-con e-child\" data-id=\"31d3098\" data-element_type=\"container\" data-e-type=\"container\">\n\t\t\t\t<div class=\"elementor-element elementor-element-d97b571 elementor-widget__width-inherit elementor-invisible elementor-widget elementor-widget-heading\" data-id=\"d97b571\" data-element_type=\"widget\" data-e-type=\"widget\" data-settings=\"{&quot;_animation&quot;:&quot;fadeIn&quot;,&quot;_animation_delay&quot;:200}\" data-widget_type=\"heading.default\">\n\t\t\t\t\t<h2 class=\"elementor-heading-title elementor-size-default\">Comun\u00edquese con nuestros especialistas<\/h2>\t\t\t\t<\/div>\n\t\t\t\t<div class=\"elementor-element elementor-element-372962a elementor-align-center elementor-widget elementor-widget-button\" data-id=\"372962a\" data-element_type=\"widget\" data-e-type=\"widget\" data-widget_type=\"button.default\">\n\t\t\t\t\t\t\t\t\t\t<a class=\"elementor-button elementor-button-link elementor-size-sm\" href=\"https:\/\/wa.me\/595987410011\">\n\t\t\t\t\t\t<span class=\"elementor-button-content-wrapper\">\n\t\t\t\t\t\t<span class=\"elementor-button-icon\">\n\t\t\t\t<i aria-hidden=\"true\" class=\"icon icon-right-arrow\"><\/i>\t\t\t<\/span>\n\t\t\t\t\t\t\t\t\t<span class=\"elementor-button-text\">contacto<\/span>\n\t\t\t\t\t<\/span>\n\t\t\t\t\t<\/a>\n\t\t\t\t\t\t\t\t<\/div>\n\t\t\t\t<\/div>\n\t\t\t\t<\/div>\n\t\t\t\t<\/div>\n\t\t\t\t<\/div>\n\t\t\t\t<\/div>\n\t\t","protected":false},"excerpt":{"rendered":"<p>Aceites Nuestros aceites crudos provienen directamente de semillas y granos: su composici\u00f3n refleja la cosecha y el origen de la semilla, conservando sus caracter\u00edsticas naturales. A trav\u00e9s de procesos industriales controlados extracci\u00f3n y acondicionamiento transformamos esa materia prima en aceites de nobleza y calidad, aptos para uso industrial, refinaci\u00f3n y aplicaciones alimentarias. Qu\u00e9 ofrecemos Aceite [&hellip;]<\/p>\n","protected":false},"author":1,"featured_media":0,"parent":0,"menu_order":0,"comment_status":"closed","ping_status":"closed","template":"elementor_header_footer","meta":{"_eb_attr":"","footnotes":""},"class_list":["post-554","page","type-page","status-publish","hentry"],"_links":{"self":[{"href":"https:\/\/raatz.agenciaagro.com\/wp\/wp-json\/wp\/v2\/pages\/554","targetHints":{"allow":["GET"]}}],"collection":[{"href":"https:\/\/raatz.agenciaagro.com\/wp\/wp-json\/wp\/v2\/pages"}],"about":[{"href":"https:\/\/raatz.agenciaagro.com\/wp\/wp-json\/wp\/v2\/types\/page"}],"author":[{"embeddable":true,"href":"https:\/\/raatz.agenciaagro.com\/wp\/wp-json\/wp\/v2\/users\/1"}],"replies":[{"embeddable":true,"href":"https:\/\/raatz.agenciaagro.com\/wp\/wp-json\/wp\/v2\/comments?post=554"}],"version-history":[{"count":85,"href":"https:\/\/raatz.agenciaagro.com\/wp\/wp-json\/wp\/v2\/pages\/554\/revisions"}],"predecessor-version":[{"id":2807,"href":"https:\/\/raatz.agenciaagro.com\/wp\/wp-json\/wp\/v2\/pages\/554\/revisions\/2807"}],"wp:attachment":[{"href":"https:\/\/raatz.agenciaagro.com\/wp\/wp-json\/wp\/v2\/media?parent=554"}],"curies":[{"name":"wp","href":"https:\/\/api.w.org\/{rel}","templated":true}]}}